{"id":359,"date":"2022-02-06T16:42:34","date_gmt":"2022-02-06T15:42:34","guid":{"rendered":"https:\/\/www.cedriclawde.com\/?page_id=359"},"modified":"2022-03-04T11:24:45","modified_gmt":"2022-03-04T10:24:45","slug":"cours","status":"publish","type":"page","link":"https:\/\/www.cedriclawde.com\/index.php\/cours\/","title":{"rendered":"Cours de musique"},"content":{"rendered":"\n<h2 class=\"wp-block-heading\" id=\"cours-particulier-de-composition-et-de-synthese-sonore\">Cours particulier de composition et de synth\u00e8se sonore.<\/h2>\n\n\n\n<p><strong>Apprenez en convivialit\u00e9 et amusement \u00e0 utiliser les logiciels de musique sur ordinateur.<br>D\u00e9couvrez comment cr\u00e9er vos propres sons et enregistrer vos compositions.<\/strong><br>Cours particuliers d&rsquo;initiation ou de perfectionnement en musique assist\u00e9e par ordinateur (MAO) et en synth\u00e8se sonore.<br>Sur plateforme Apple<sup>\u00a9<\/sup>, Microsoft<sup>\u00a9<\/sup> ou sur synth\u00e9tiseurs.<\/p>\n\n\n\n<p>Niveaux d\u00e9butants et confirm\u00e9s. Pour adulte et \u00e0 partir de 10 ans. <br>Inscription toute l\u2019ann\u00e9e. Les cours sont propos\u00e9s en fin d&rsquo;apr\u00e8s-midi en semaine et le samedi dans la journ\u00e9e.<\/p>\n\n\n\n<p>30 \u20ac le cours de 45 minutes.<\/p>\n\n\n\n<p><strong>Logiciels<\/strong> : Ableton Live, Cakewalk by Bandlab, Garageband, Native Instruments Kontakt &amp; Maschine, VST\u2026<br>Apprenez \u00e0 utiliser des \u00e9qualiseurs, compresseurs, r\u00e9verb\u00e9rations et \u00e9chos. Ainsi que diff\u00e9rentes techniques de production et bien plus encore\u2026<\/p>\n\n\n\n<p>Dans en studio de qualit\u00e9 professionnelle \u00e0 Mont-Saint-Guibert <strong>ou chez vous<\/strong>, avec votre propre mat\u00e9riel, dans un rayon d\u2019une vingtaine de kilom\u00e8trres autour de Louvain-la-Neuve<\/p>\n\n\n\n<blockquote class=\"wp-block-quote is-layout-flow wp-block-quote-is-layout-flow\"><p>C\u00e9dric lawde est un compositeur confirm\u00e9 auteur de plusieurs albums, musique de film et de courts-m\u00e9trages. Disposant de plusieurs dizaines de synth\u00e9tiseurs et utilisant les DAW (logiciel de cr\u00e9ation musicale assist\u00e9 par ordinateur) depuis plus de 20 ans, il a \u00e9galement suivi des cours d\u2019harmonie et de p\u00e9dagogie.<\/p><\/blockquote>\n\n\n\n<h2 class=\"wp-block-heading\" id=\"contact\">Contact<\/h2>\n\n\n\n<p>C\u00e9dric Lawde<br>0473 \/ 498 703<br>cedriclawde@hotmail.com<\/p>\n\n\n\n<p><\/p>\n","protected":false},"excerpt":{"rendered":"<p>Cours particulier de composition et de synth\u00e8se sonore. Apprenez en convivialit\u00e9 et amusement \u00e0 utiliser les logiciels de musique sur ordinateur.D\u00e9couvrez comment cr\u00e9er vos propres sons et enregistrer vos compositions.Cours<a href=\"https:\/\/www.cedriclawde.com\/index.php\/cours\/\" class=\"more-link\"><span class=\"readmore\">Continue reading<span class=\"screen-reader-text\">Cours de musique<\/span><\/span><\/a><\/p>\n","protected":false},"author":1,"featured_media":0,"parent":0,"menu_order":0,"comment_status":"closed","ping_status":"closed","template":"","meta":{"advanced_seo_description":"","jetpack_seo_html_title":"","jetpack_seo_noindex":false,"footnotes":""},"class_list":["post-359","page","type-page","status-publish","hentry"],"jetpack_sharing_enabled":true,"_links":{"self":[{"href":"https:\/\/www.cedriclawde.com\/index.php\/wp-json\/wp\/v2\/pages\/359","targetHints":{"allow":["GET"]}}],"collection":[{"href":"https:\/\/www.cedriclawde.com\/index.php\/wp-json\/wp\/v2\/pages"}],"about":[{"href":"https:\/\/www.cedriclawde.com\/index.php\/wp-json\/wp\/v2\/types\/page"}],"author":[{"embeddable":true,"href":"https:\/\/www.cedriclawde.com\/index.php\/wp-json\/wp\/v2\/users\/1"}],"replies":[{"embeddable":true,"href":"https:\/\/www.cedriclawde.com\/index.php\/wp-json\/wp\/v2\/comments?post=359"}],"version-history":[{"count":14,"href":"https:\/\/www.cedriclawde.com\/index.php\/wp-json\/wp\/v2\/pages\/359\/revisions"}],"predecessor-version":[{"id":393,"href":"https:\/\/www.cedriclawde.com\/index.php\/wp-json\/wp\/v2\/pages\/359\/revisions\/393"}],"wp:attachment":[{"href":"https:\/\/www.cedriclawde.com\/index.php\/wp-json\/wp\/v2\/media?parent=359"}],"curies":[{"name":"wp","href":"https:\/\/api.w.org\/{rel}","templated":true}]}}