{"id":21,"date":"2021-08-28T17:14:09","date_gmt":"2021-08-28T15:14:09","guid":{"rendered":"http:\/\/cedriclawde.com\/?page_id=21"},"modified":"2021-08-29T02:28:52","modified_gmt":"2021-08-29T00:28:52","slug":"discographie","status":"publish","type":"page","link":"https:\/\/www.cedriclawde.com\/index.php\/discographie\/","title":{"rendered":"Discographie"},"content":{"rendered":"\n<div class=\"wp-block-query is-layout-flow wp-block-query-is-layout-flow\"><ul class=\"wp-block-post-template is-layout-flow wp-block-post-template-is-layout-flow\"><li class=\"wp-block-post post-316 post type-post status-publish format-standard has-post-thumbnail hentry category-discographie tag-angele tag-cedric-lawde tag-chanson tag-instrumental\">\n\n<div class=\"wp-block-columns alignwide is-layout-flex wp-container-core-columns-is-layout-9d6595d7 wp-block-columns-is-layout-flex\">\n<div class=\"wp-block-column is-layout-flow wp-block-column-is-layout-flow\" style=\"flex-basis:30%\"><figure class=\"wp-block-post-featured-image\"><a href=\"https:\/\/www.cedriclawde.com\/index.php\/2000\/01\/01\/oeuvres-de-jeunesse\/\" target=\"_self\"  ><img loading=\"lazy\" decoding=\"async\" width=\"640\" height=\"640\" src=\"https:\/\/www.cedriclawde.com\/wp-content\/uploads\/2000\/01\/HPIM2205-640x640.jpg\" class=\"attachment-post-thumbnail size-post-thumbnail wp-post-image\" alt=\"\u0152uvres de jeunesse\" style=\"object-fit:cover;\" srcset=\"https:\/\/www.cedriclawde.com\/wp-content\/uploads\/2000\/01\/HPIM2205-640x640.jpg 640w, https:\/\/www.cedriclawde.com\/wp-content\/uploads\/2000\/01\/HPIM2205-150x150.jpg 150w, https:\/\/www.cedriclawde.com\/wp-content\/uploads\/2000\/01\/HPIM2205-180x180.jpg 180w, https:\/\/www.cedriclawde.com\/wp-content\/uploads\/2000\/01\/HPIM2205-50x50.jpg 50w, https:\/\/www.cedriclawde.com\/wp-content\/uploads\/2000\/01\/HPIM2205-300x300.jpg 300w, https:\/\/www.cedriclawde.com\/wp-content\/uploads\/2000\/01\/HPIM2205-100x100.jpg 100w\" sizes=\"auto, (max-width: 640px) 100vw, 640px\" \/><\/a><\/figure><\/div>\n\n\n\n<div class=\"wp-block-column is-layout-flow wp-block-column-is-layout-flow\" style=\"flex-basis:70%\"><h2 class=\"wp-block-post-title\"><a href=\"https:\/\/www.cedriclawde.com\/index.php\/2000\/01\/01\/oeuvres-de-jeunesse\/\" target=\"_self\" >\u0152uvres de jeunesse<\/a><\/h2>\n\n<div class=\"wp-block-post-excerpt\"><p class=\"wp-block-post-excerpt__excerpt\">La discographie des premi\u00e8res ann\u00e9es musicales de C\u00e9dric Lawde, 1998 et 2004, comprend une gamme d&rsquo;albums caract\u00e9ris\u00e9s par des th\u00e8mes et des styles divers, allant des premiers projets comme \u00ab\u00a0Ghosts\u00a0\u00bb et \u00ab\u00a0Ulysse\u00a0\u00bb aux travaux collaboratifs tels que \u00ab\u00a0Mutation\u00a0\u00bb. Ses compositions explorent des moments quotidiens, l&rsquo;amour et des th\u00e8mes fantastiques. Certains de ces projets sont revisit\u00e9s\u2026 <\/p><\/div><\/div>\n<\/div>\n\n<\/li><li class=\"wp-block-post post-402 post type-post status-publish format-standard has-post-thumbnail hentry category-discographie tag-arnaud-charreyre tag-cedric-lawde tag-iron-skies\">\n\n<div class=\"wp-block-columns alignwide is-layout-flex wp-container-core-columns-is-layout-9d6595d7 wp-block-columns-is-layout-flex\">\n<div class=\"wp-block-column is-layout-flow wp-block-column-is-layout-flow\" style=\"flex-basis:30%\"><figure class=\"wp-block-post-featured-image\"><a href=\"https:\/\/www.cedriclawde.com\/index.php\/2024\/07\/25\/us-volume-i\/\" target=\"_self\"  ><img loading=\"lazy\" decoding=\"async\" width=\"453\" height=\"453\" src=\"https:\/\/www.cedriclawde.com\/wp-content\/uploads\/2024\/07\/CD-US1-BOOK-Livret.webp\" class=\"attachment-post-thumbnail size-post-thumbnail wp-post-image\" alt=\"US, volume I\" style=\"object-fit:cover;\" srcset=\"https:\/\/www.cedriclawde.com\/wp-content\/uploads\/2024\/07\/CD-US1-BOOK-Livret.webp 453w, https:\/\/www.cedriclawde.com\/wp-content\/uploads\/2024\/07\/CD-US1-BOOK-Livret-300x300.webp 300w, https:\/\/www.cedriclawde.com\/wp-content\/uploads\/2024\/07\/CD-US1-BOOK-Livret-150x150.webp 150w, https:\/\/www.cedriclawde.com\/wp-content\/uploads\/2024\/07\/CD-US1-BOOK-Livret-180x180.webp 180w, https:\/\/www.cedriclawde.com\/wp-content\/uploads\/2024\/07\/CD-US1-BOOK-Livret-50x50.webp 50w, https:\/\/www.cedriclawde.com\/wp-content\/uploads\/2024\/07\/CD-US1-BOOK-Livret-100x100.webp 100w\" sizes=\"auto, (max-width: 453px) 100vw, 453px\" \/><\/a><\/figure><\/div>\n\n\n\n<div class=\"wp-block-column is-layout-flow wp-block-column-is-layout-flow\" style=\"flex-basis:70%\"><h2 class=\"wp-block-post-title\"><a href=\"https:\/\/www.cedriclawde.com\/index.php\/2024\/07\/25\/us-volume-i\/\" target=\"_self\" >US, volume I<\/a><\/h2>\n\n<div class=\"wp-block-post-excerpt\"><p class=\"wp-block-post-excerpt__excerpt\">Deuxi\u00e8me album d\u2019Iron-Skies, mais premi\u00e8re partie d\u2019un diptyque d\u00e9volu au concept de US. &hellip; Continue readingUS, volume I <\/p><\/div><\/div>\n<\/div>\n\n<\/li><li class=\"wp-block-post post-385 post type-post status-publish format-standard has-post-thumbnail hentry category-discographie tag-arnaud-charreyre tag-cedric-lawde tag-iron-skies tag-les-revenants\">\n\n<div class=\"wp-block-columns alignwide is-layout-flex wp-container-core-columns-is-layout-9d6595d7 wp-block-columns-is-layout-flex\">\n<div class=\"wp-block-column is-layout-flow wp-block-column-is-layout-flow\" style=\"flex-basis:30%\"><figure class=\"wp-block-post-featured-image\"><a href=\"https:\/\/www.cedriclawde.com\/index.php\/2021\/11\/24\/les-revenants\/\" target=\"_self\"  ><img loading=\"lazy\" decoding=\"async\" width=\"640\" height=\"640\" src=\"https:\/\/www.cedriclawde.com\/wp-content\/uploads\/2022\/02\/pochette-def-1-1024x1024-1-640x640.png\" class=\"attachment-post-thumbnail size-post-thumbnail wp-post-image\" alt=\"Les Revenants\" style=\"object-fit:cover;\" srcset=\"https:\/\/www.cedriclawde.com\/wp-content\/uploads\/2022\/02\/pochette-def-1-1024x1024-1-640x640.png 640w, https:\/\/www.cedriclawde.com\/wp-content\/uploads\/2022\/02\/pochette-def-1-1024x1024-1-300x300.png 300w, https:\/\/www.cedriclawde.com\/wp-content\/uploads\/2022\/02\/pochette-def-1-1024x1024-1.png 1024w, https:\/\/www.cedriclawde.com\/wp-content\/uploads\/2022\/02\/pochette-def-1-1024x1024-1-150x150.png 150w, https:\/\/www.cedriclawde.com\/wp-content\/uploads\/2022\/02\/pochette-def-1-1024x1024-1-768x768.png 768w, https:\/\/www.cedriclawde.com\/wp-content\/uploads\/2022\/02\/pochette-def-1-1024x1024-1-180x180.png 180w, https:\/\/www.cedriclawde.com\/wp-content\/uploads\/2022\/02\/pochette-def-1-1024x1024-1-50x50.png 50w, https:\/\/www.cedriclawde.com\/wp-content\/uploads\/2022\/02\/pochette-def-1-1024x1024-1-600x600.png 600w, https:\/\/www.cedriclawde.com\/wp-content\/uploads\/2022\/02\/pochette-def-1-1024x1024-1-100x100.png 100w\" sizes=\"auto, (max-width: 640px) 100vw, 640px\" \/><\/a><\/figure><\/div>\n\n\n\n<div class=\"wp-block-column is-layout-flow wp-block-column-is-layout-flow\" style=\"flex-basis:70%\"><h2 class=\"wp-block-post-title\"><a href=\"https:\/\/www.cedriclawde.com\/index.php\/2021\/11\/24\/les-revenants\/\" target=\"_self\" >Les Revenants<\/a><\/h2>\n\n<div class=\"wp-block-post-excerpt\"><p class=\"wp-block-post-excerpt__excerpt\">Le premier album d\u2019Iron-Skies, \u00e9crit et compos\u00e9 entre d\u00e9cembre 2019 et janvier 2021, propose douze titres ayant pour fil conducteur la d\u00e9solation. \u00c0 cette fin, les sons se font tribaux autant qu\u2019\u00e9lectroniques, les rythmiques s\u2019entrelacent, les harmonies se multiplient\u2026 une envie de mur du son, comme un \u00e9cho \u00e0 cette prestigieuse \u00e9cole, en format 2.0.\u2026 <\/p><\/div><\/div>\n<\/div>\n\n<\/li><li class=\"wp-block-post post-105 post type-post status-publish format-standard has-post-thumbnail hentry category-discographie tag-70x7x tag-angele tag-chanson\">\n\n<div class=\"wp-block-columns alignwide is-layout-flex wp-container-core-columns-is-layout-9d6595d7 wp-block-columns-is-layout-flex\">\n<div class=\"wp-block-column is-layout-flow wp-block-column-is-layout-flow\" style=\"flex-basis:30%\"><figure class=\"wp-block-post-featured-image\"><a href=\"https:\/\/www.cedriclawde.com\/index.php\/2019\/01\/28\/70x7x\/\" target=\"_self\"  ><img loading=\"lazy\" decoding=\"async\" width=\"640\" height=\"640\" src=\"https:\/\/www.cedriclawde.com\/wp-content\/uploads\/2021\/08\/angele-70x7x-640x640.png\" class=\"attachment-post-thumbnail size-post-thumbnail wp-post-image\" alt=\"70x7x\" style=\"object-fit:cover;\" srcset=\"https:\/\/www.cedriclawde.com\/wp-content\/uploads\/2021\/08\/angele-70x7x-640x640.png 640w, https:\/\/www.cedriclawde.com\/wp-content\/uploads\/2021\/08\/angele-70x7x-300x300.png 300w, https:\/\/www.cedriclawde.com\/wp-content\/uploads\/2021\/08\/angele-70x7x-150x150.png 150w, https:\/\/www.cedriclawde.com\/wp-content\/uploads\/2021\/08\/angele-70x7x-180x180.png 180w, https:\/\/www.cedriclawde.com\/wp-content\/uploads\/2021\/08\/angele-70x7x-50x50.png 50w, https:\/\/www.cedriclawde.com\/wp-content\/uploads\/2021\/08\/angele-70x7x-600x600.png 600w, https:\/\/www.cedriclawde.com\/wp-content\/uploads\/2021\/08\/angele-70x7x-100x100.png 100w, https:\/\/www.cedriclawde.com\/wp-content\/uploads\/2021\/08\/angele-70x7x.png 720w\" sizes=\"auto, (max-width: 640px) 100vw, 640px\" \/><\/a><\/figure><\/div>\n\n\n\n<div class=\"wp-block-column is-layout-flow wp-block-column-is-layout-flow\" style=\"flex-basis:70%\"><h2 class=\"wp-block-post-title\"><a href=\"https:\/\/www.cedriclawde.com\/index.php\/2019\/01\/28\/70x7x\/\" target=\"_self\" >70x7x<\/a><\/h2>\n\n<div class=\"wp-block-post-excerpt\"><p class=\"wp-block-post-excerpt__excerpt\">R\u00e9\u00e9dition lors du vingti\u00e8me anniversaire de notre premier album avec Matthias Walton et Ang\u00e8le. &hellip; Continue reading70x7x <\/p><\/div><\/div>\n<\/div>\n\n<\/li><li class=\"wp-block-post post-1 post type-post status-publish format-standard has-post-thumbnail hentry category-discographie tag-bruno-duhamel tag-cedric-lawde tag-instrumental tag-jamais\">\n\n<div class=\"wp-block-columns alignwide is-layout-flex wp-container-core-columns-is-layout-9d6595d7 wp-block-columns-is-layout-flex\">\n<div class=\"wp-block-column is-layout-flow wp-block-column-is-layout-flow\" style=\"flex-basis:30%\"><figure class=\"wp-block-post-featured-image\"><a href=\"https:\/\/www.cedriclawde.com\/index.php\/2018\/10\/01\/jamais\/\" target=\"_self\"  ><img loading=\"lazy\" decoding=\"async\" width=\"640\" height=\"640\" src=\"https:\/\/www.cedriclawde.com\/wp-content\/uploads\/2021\/08\/Pochette-recto-640x640.jpg\" class=\"attachment-post-thumbnail size-post-thumbnail wp-post-image\" alt=\"JAMAIS\" style=\"object-fit:cover;\" srcset=\"https:\/\/www.cedriclawde.com\/wp-content\/uploads\/2021\/08\/Pochette-recto-640x640.jpg 640w, https:\/\/www.cedriclawde.com\/wp-content\/uploads\/2021\/08\/Pochette-recto-300x300.jpg 300w, https:\/\/www.cedriclawde.com\/wp-content\/uploads\/2021\/08\/Pochette-recto-150x150.jpg 150w, https:\/\/www.cedriclawde.com\/wp-content\/uploads\/2021\/08\/Pochette-recto-180x180.jpg 180w, https:\/\/www.cedriclawde.com\/wp-content\/uploads\/2021\/08\/Pochette-recto-50x50.jpg 50w, https:\/\/www.cedriclawde.com\/wp-content\/uploads\/2021\/08\/Pochette-recto-600x600.jpg 600w, https:\/\/www.cedriclawde.com\/wp-content\/uploads\/2021\/08\/Pochette-recto-100x100.jpg 100w, https:\/\/www.cedriclawde.com\/wp-content\/uploads\/2021\/08\/Pochette-recto.jpg 709w\" sizes=\"auto, (max-width: 640px) 100vw, 640px\" \/><\/a><\/figure><\/div>\n\n\n\n<div class=\"wp-block-column is-layout-flow wp-block-column-is-layout-flow\" style=\"flex-basis:70%\"><h2 class=\"wp-block-post-title\"><a href=\"https:\/\/www.cedriclawde.com\/index.php\/2018\/10\/01\/jamais\/\" target=\"_self\" >JAMAIS<\/a><\/h2>\n\n<div class=\"wp-block-post-excerpt\"><p class=\"wp-block-post-excerpt__excerpt\">D&rsquo;apr\u00e8s une bande dessin\u00e9e de Bruno Duhamel &hellip; Continue readingJAMAIS <\/p><\/div><\/div>\n<\/div>\n\n<\/li><li class=\"wp-block-post post-305 post type-post status-publish format-standard has-post-thumbnail hentry category-discographie tag-eric-van-hove tag-instrumental tag-mahjouba tag-mahjouba-initiative tag-meriem-abid\">\n\n<div class=\"wp-block-columns alignwide is-layout-flex wp-container-core-columns-is-layout-9d6595d7 wp-block-columns-is-layout-flex\">\n<div class=\"wp-block-column is-layout-flow wp-block-column-is-layout-flow\" style=\"flex-basis:30%\"><figure class=\"wp-block-post-featured-image\"><a href=\"https:\/\/www.cedriclawde.com\/index.php\/2018\/06\/13\/mahjouba\/\" target=\"_self\"  ><img loading=\"lazy\" decoding=\"async\" width=\"640\" height=\"640\" src=\"https:\/\/www.cedriclawde.com\/wp-content\/uploads\/2021\/08\/paae-eric-van-hove-artist-2-640x640.jpg\" class=\"attachment-post-thumbnail size-post-thumbnail wp-post-image\" alt=\"Mahjouba\" style=\"object-fit:cover;\" srcset=\"https:\/\/www.cedriclawde.com\/wp-content\/uploads\/2021\/08\/paae-eric-van-hove-artist-2-640x640.jpg 640w, https:\/\/www.cedriclawde.com\/wp-content\/uploads\/2021\/08\/paae-eric-van-hove-artist-2-150x150.jpg 150w, https:\/\/www.cedriclawde.com\/wp-content\/uploads\/2021\/08\/paae-eric-van-hove-artist-2-180x180.jpg 180w, https:\/\/www.cedriclawde.com\/wp-content\/uploads\/2021\/08\/paae-eric-van-hove-artist-2-50x50.jpg 50w, https:\/\/www.cedriclawde.com\/wp-content\/uploads\/2021\/08\/paae-eric-van-hove-artist-2-300x300.jpg 300w, https:\/\/www.cedriclawde.com\/wp-content\/uploads\/2021\/08\/paae-eric-van-hove-artist-2-100x100.jpg 100w\" sizes=\"auto, (max-width: 640px) 100vw, 640px\" \/><\/a><\/figure><\/div>\n\n\n\n<div class=\"wp-block-column is-layout-flow wp-block-column-is-layout-flow\" style=\"flex-basis:70%\"><h2 class=\"wp-block-post-title\"><a href=\"https:\/\/www.cedriclawde.com\/index.php\/2018\/06\/13\/mahjouba\/\" target=\"_self\" >Mahjouba<\/a><\/h2>\n\n<div class=\"wp-block-post-excerpt\"><p class=\"wp-block-post-excerpt__excerpt\">\u00ab\u00a0The Mahjouba Initiative\u00a0\u00bb par Meriem Abid et \u00c9ric van Hove J&rsquo;ai compos\u00e9 pr\u00e8s de 45 minutes de musique pour la bande sonore du film en 2018. <\/p><\/div><\/div>\n<\/div>\n\n<\/li><li class=\"wp-block-post post-339 post type-post status-publish format-standard has-post-thumbnail hentry category-discographie tag-chanson tag-kriss-heyden\">\n\n<div class=\"wp-block-columns alignwide is-layout-flex wp-container-core-columns-is-layout-9d6595d7 wp-block-columns-is-layout-flex\">\n<div class=\"wp-block-column is-layout-flow wp-block-column-is-layout-flow\" style=\"flex-basis:30%\"><figure class=\"wp-block-post-featured-image\"><a href=\"https:\/\/www.cedriclawde.com\/index.php\/2010\/11\/11\/le-pouvoir-de-mon-ange\/\" target=\"_self\"  ><img loading=\"lazy\" decoding=\"async\" width=\"604\" height=\"416\" src=\"https:\/\/www.cedriclawde.com\/wp-content\/uploads\/2021\/08\/Kristel-Heyden.jpg\" class=\"attachment-post-thumbnail size-post-thumbnail wp-post-image\" alt=\"Le pouvoir de mon ange\" style=\"object-fit:cover;\" srcset=\"https:\/\/www.cedriclawde.com\/wp-content\/uploads\/2021\/08\/Kristel-Heyden.jpg 604w, https:\/\/www.cedriclawde.com\/wp-content\/uploads\/2021\/08\/Kristel-Heyden-300x207.jpg 300w, https:\/\/www.cedriclawde.com\/wp-content\/uploads\/2021\/08\/Kristel-Heyden-600x413.jpg 600w\" sizes=\"auto, (max-width: 604px) 100vw, 604px\" \/><\/a><\/figure><\/div>\n\n\n\n<div class=\"wp-block-column is-layout-flow wp-block-column-is-layout-flow\" style=\"flex-basis:70%\"><h2 class=\"wp-block-post-title\"><a href=\"https:\/\/www.cedriclawde.com\/index.php\/2010\/11\/11\/le-pouvoir-de-mon-ange\/\" target=\"_self\" >Le pouvoir de mon ange<\/a><\/h2>\n\n<div class=\"wp-block-post-excerpt\"><p class=\"wp-block-post-excerpt__excerpt\">Kriss Heyden Entre 2008 et 2010, j&rsquo;ai travaill\u00e9 avec Kriss Heyden pour arranger certaines de ses chansons et lui en composer quelques-unes. Les choses de la vie ont fait queContinue readingLe pouvoir de mon ange <\/p><\/div><\/div>\n<\/div>\n\n<\/li><li class=\"wp-block-post post-164 post type-post status-publish format-standard has-post-thumbnail hentry category-discographie tag-a-pas-lents tag-angele tag-chanson\">\n\n<div class=\"wp-block-columns alignwide is-layout-flex wp-container-core-columns-is-layout-9d6595d7 wp-block-columns-is-layout-flex\">\n<div class=\"wp-block-column is-layout-flow wp-block-column-is-layout-flow\" style=\"flex-basis:30%\"><figure class=\"wp-block-post-featured-image\"><a href=\"https:\/\/www.cedriclawde.com\/index.php\/2009\/01\/01\/a-pas-lents\/\" target=\"_self\"  ><img loading=\"lazy\" decoding=\"async\" width=\"640\" height=\"640\" src=\"https:\/\/www.cedriclawde.com\/wp-content\/uploads\/2021\/08\/Pochette-Angele-Encre-640x640.png\" class=\"attachment-post-thumbnail size-post-thumbnail wp-post-image\" alt=\"\u00c0 pas lents\" style=\"object-fit:cover;\" srcset=\"https:\/\/www.cedriclawde.com\/wp-content\/uploads\/2021\/08\/Pochette-Angele-Encre-640x640.png 640w, https:\/\/www.cedriclawde.com\/wp-content\/uploads\/2021\/08\/Pochette-Angele-Encre-300x300.png 300w, https:\/\/www.cedriclawde.com\/wp-content\/uploads\/2021\/08\/Pochette-Angele-Encre-1024x1024.png 1024w, https:\/\/www.cedriclawde.com\/wp-content\/uploads\/2021\/08\/Pochette-Angele-Encre-150x150.png 150w, https:\/\/www.cedriclawde.com\/wp-content\/uploads\/2021\/08\/Pochette-Angele-Encre-768x768.png 768w, https:\/\/www.cedriclawde.com\/wp-content\/uploads\/2021\/08\/Pochette-Angele-Encre-1536x1536.png 1536w, https:\/\/www.cedriclawde.com\/wp-content\/uploads\/2021\/08\/Pochette-Angele-Encre-180x180.png 180w, https:\/\/www.cedriclawde.com\/wp-content\/uploads\/2021\/08\/Pochette-Angele-Encre-50x50.png 50w, https:\/\/www.cedriclawde.com\/wp-content\/uploads\/2021\/08\/Pochette-Angele-Encre-1320x1320.png 1320w, https:\/\/www.cedriclawde.com\/wp-content\/uploads\/2021\/08\/Pochette-Angele-Encre-600x600.png 600w, https:\/\/www.cedriclawde.com\/wp-content\/uploads\/2021\/08\/Pochette-Angele-Encre-100x100.png 100w, https:\/\/www.cedriclawde.com\/wp-content\/uploads\/2021\/08\/Pochette-Angele-Encre.png 1600w\" sizes=\"auto, (max-width: 640px) 100vw, 640px\" \/><\/a><\/figure><\/div>\n\n\n\n<div class=\"wp-block-column is-layout-flow wp-block-column-is-layout-flow\" style=\"flex-basis:70%\"><h2 class=\"wp-block-post-title\"><a href=\"https:\/\/www.cedriclawde.com\/index.php\/2009\/01\/01\/a-pas-lents\/\" target=\"_self\" >\u00c0 pas lents<\/a><\/h2>\n\n<div class=\"wp-block-post-excerpt\"><p class=\"wp-block-post-excerpt__excerpt\">Dernier album en date avec Hymen qui prend d\u00e9sormais juste le nom de sa chanteuse. L&rsquo;exp\u00e9rience avec Arnaud Charreyre et ses musiciens, nous a donn\u00e9 envie d&rsquo;un album plus rock. &hellip; Continue reading\u00c0 pas lents <\/p><\/div><\/div>\n<\/div>\n\n<\/li><li class=\"wp-block-post post-198 post type-post status-publish format-standard has-post-thumbnail hentry category-discographie tag-arnaud-charreyre tag-chanson tag-sur-ma-planete\">\n\n<div class=\"wp-block-columns alignwide is-layout-flex wp-container-core-columns-is-layout-9d6595d7 wp-block-columns-is-layout-flex\">\n<div class=\"wp-block-column is-layout-flow wp-block-column-is-layout-flow\" style=\"flex-basis:30%\"><figure class=\"wp-block-post-featured-image\"><a href=\"https:\/\/www.cedriclawde.com\/index.php\/2007\/01\/01\/sur-ma-planete\/\" target=\"_self\"  ><img loading=\"lazy\" decoding=\"async\" width=\"640\" height=\"640\" src=\"https:\/\/www.cedriclawde.com\/wp-content\/uploads\/2021\/08\/AC-Sur-ma-planete-640x640.jpg\" class=\"attachment-post-thumbnail size-post-thumbnail wp-post-image\" alt=\"Sur ma plan\u00e8te\" style=\"object-fit:cover;\" srcset=\"https:\/\/www.cedriclawde.com\/wp-content\/uploads\/2021\/08\/AC-Sur-ma-planete-640x640.jpg 640w, https:\/\/www.cedriclawde.com\/wp-content\/uploads\/2021\/08\/AC-Sur-ma-planete-300x300.jpg 300w, https:\/\/www.cedriclawde.com\/wp-content\/uploads\/2021\/08\/AC-Sur-ma-planete-1024x1024.jpg 1024w, https:\/\/www.cedriclawde.com\/wp-content\/uploads\/2021\/08\/AC-Sur-ma-planete-150x150.jpg 150w, https:\/\/www.cedriclawde.com\/wp-content\/uploads\/2021\/08\/AC-Sur-ma-planete-768x768.jpg 768w, https:\/\/www.cedriclawde.com\/wp-content\/uploads\/2021\/08\/AC-Sur-ma-planete-1536x1536.jpg 1536w, https:\/\/www.cedriclawde.com\/wp-content\/uploads\/2021\/08\/AC-Sur-ma-planete-2048x2048.jpg 2048w, https:\/\/www.cedriclawde.com\/wp-content\/uploads\/2021\/08\/AC-Sur-ma-planete-180x180.jpg 180w, https:\/\/www.cedriclawde.com\/wp-content\/uploads\/2021\/08\/AC-Sur-ma-planete-50x50.jpg 50w, https:\/\/www.cedriclawde.com\/wp-content\/uploads\/2021\/08\/AC-Sur-ma-planete-1320x1320.jpg 1320w, https:\/\/www.cedriclawde.com\/wp-content\/uploads\/2021\/08\/AC-Sur-ma-planete-600x600.jpg 600w, https:\/\/www.cedriclawde.com\/wp-content\/uploads\/2021\/08\/AC-Sur-ma-planete-100x100.jpg 100w\" sizes=\"auto, (max-width: 640px) 100vw, 640px\" \/><\/a><\/figure><\/div>\n\n\n\n<div class=\"wp-block-column is-layout-flow wp-block-column-is-layout-flow\" style=\"flex-basis:70%\"><h2 class=\"wp-block-post-title\"><a href=\"https:\/\/www.cedriclawde.com\/index.php\/2007\/01\/01\/sur-ma-planete\/\" target=\"_self\" >Sur ma plan\u00e8te<\/a><\/h2>\n\n<div class=\"wp-block-post-excerpt\"><p class=\"wp-block-post-excerpt__excerpt\">C&rsquo;est l&rsquo;album officiel d&rsquo;Arnaud Charreyre. Le premier o\u00f9 j&rsquo;ai trouv\u00e9 un album auquel j&rsquo;ai particip\u00e9 dans les bacs des grandes surfaces ! Les titres sont presque des captures des versions \u00ab\u00a0en concert\u00a0\u00bb auxquelles j&rsquo;ai rajout\u00e9 un peu d&rsquo;\u00e9lectronique. &hellip; Continue readingSur ma plan\u00e8te <\/p><\/div><\/div>\n<\/div>\n\n<\/li><li class=\"wp-block-post post-332 post type-post status-publish format-standard has-post-thumbnail hentry category-discographie tag-arnaud-charreyre tag-cedric-lawde tag-chanson tag-vol-de-nuit\">\n\n<div class=\"wp-block-columns alignwide is-layout-flex wp-container-core-columns-is-layout-9d6595d7 wp-block-columns-is-layout-flex\">\n<div class=\"wp-block-column is-layout-flow wp-block-column-is-layout-flow\" style=\"flex-basis:30%\"><figure class=\"wp-block-post-featured-image\"><a href=\"https:\/\/www.cedriclawde.com\/index.php\/2006\/05\/01\/vol-de-nuit\/\" target=\"_self\"  ><img loading=\"lazy\" decoding=\"async\" width=\"400\" height=\"400\" src=\"https:\/\/www.cedriclawde.com\/wp-content\/uploads\/2021\/08\/album_voldenuit.jpg\" class=\"attachment-post-thumbnail size-post-thumbnail wp-post-image\" alt=\"Vol de nuit\" style=\"object-fit:cover;\" srcset=\"https:\/\/www.cedriclawde.com\/wp-content\/uploads\/2021\/08\/album_voldenuit.jpg 400w, https:\/\/www.cedriclawde.com\/wp-content\/uploads\/2021\/08\/album_voldenuit-300x300.jpg 300w, https:\/\/www.cedriclawde.com\/wp-content\/uploads\/2021\/08\/album_voldenuit-150x150.jpg 150w, https:\/\/www.cedriclawde.com\/wp-content\/uploads\/2021\/08\/album_voldenuit-180x180.jpg 180w, https:\/\/www.cedriclawde.com\/wp-content\/uploads\/2021\/08\/album_voldenuit-50x50.jpg 50w, https:\/\/www.cedriclawde.com\/wp-content\/uploads\/2021\/08\/album_voldenuit-100x100.jpg 100w\" sizes=\"auto, (max-width: 400px) 100vw, 400px\" \/><\/a><\/figure><\/div>\n\n\n\n<div class=\"wp-block-column is-layout-flow wp-block-column-is-layout-flow\" style=\"flex-basis:70%\"><h2 class=\"wp-block-post-title\"><a href=\"https:\/\/www.cedriclawde.com\/index.php\/2006\/05\/01\/vol-de-nuit\/\" target=\"_self\" >Vol de nuit<\/a><\/h2>\n\n<div class=\"wp-block-post-excerpt\"><p class=\"wp-block-post-excerpt__excerpt\">Deuxi\u00e8me album avec Arnaud Charreyre r\u00e9alis\u00e9 pour promouvoir l&rsquo;album de la maison de disque Hercule Music qui allait suivre. &hellip; Continue readingVol de nuit <\/p><\/div><\/div>\n<\/div>\n\n<\/li><li class=\"wp-block-post post-234 post type-post status-publish format-standard has-post-thumbnail hentry category-discographie tag-arnaud-charreyre tag-chanson tag-in-memoriam\">\n\n<div class=\"wp-block-columns alignwide is-layout-flex wp-container-core-columns-is-layout-9d6595d7 wp-block-columns-is-layout-flex\">\n<div class=\"wp-block-column is-layout-flow wp-block-column-is-layout-flow\" style=\"flex-basis:30%\"><figure class=\"wp-block-post-featured-image\"><a href=\"https:\/\/www.cedriclawde.com\/index.php\/2005\/01\/01\/in-memoriam\/\" target=\"_self\"  ><img loading=\"lazy\" decoding=\"async\" width=\"400\" height=\"400\" src=\"https:\/\/www.cedriclawde.com\/wp-content\/uploads\/2021\/08\/album_inmemoriam.jpg\" class=\"attachment-post-thumbnail size-post-thumbnail wp-post-image\" alt=\"In Memoriam\" style=\"object-fit:cover;\" srcset=\"https:\/\/www.cedriclawde.com\/wp-content\/uploads\/2021\/08\/album_inmemoriam.jpg 400w, https:\/\/www.cedriclawde.com\/wp-content\/uploads\/2021\/08\/album_inmemoriam-300x300.jpg 300w, https:\/\/www.cedriclawde.com\/wp-content\/uploads\/2021\/08\/album_inmemoriam-150x150.jpg 150w, https:\/\/www.cedriclawde.com\/wp-content\/uploads\/2021\/08\/album_inmemoriam-180x180.jpg 180w, https:\/\/www.cedriclawde.com\/wp-content\/uploads\/2021\/08\/album_inmemoriam-50x50.jpg 50w, https:\/\/www.cedriclawde.com\/wp-content\/uploads\/2021\/08\/album_inmemoriam-100x100.jpg 100w\" sizes=\"auto, (max-width: 400px) 100vw, 400px\" \/><\/a><\/figure><\/div>\n\n\n\n<div class=\"wp-block-column is-layout-flow wp-block-column-is-layout-flow\" style=\"flex-basis:70%\"><h2 class=\"wp-block-post-title\"><a href=\"https:\/\/www.cedriclawde.com\/index.php\/2005\/01\/01\/in-memoriam\/\" target=\"_self\" >In Memoriam<\/a><\/h2>\n\n<div class=\"wp-block-post-excerpt\"><p class=\"wp-block-post-excerpt__excerpt\">Le premier album des trois albums de chanson que j&rsquo;ai travaill\u00e9 avec Arnaud Charreyre &hellip; Continue readingIn Memoriam <\/p><\/div><\/div>\n<\/div>\n\n<\/li><\/ul><\/div>\n","protected":false},"excerpt":{"rendered":"","protected":false},"author":1,"featured_media":130,"parent":0,"menu_order":0,"comment_status":"closed","ping_status":"closed","template":"","meta":{"advanced_seo_description":"","jetpack_seo_html_title":"","jetpack_seo_noindex":false,"footnotes":""},"class_list":["post-21","page","type-page","status-publish","has-post-thumbnail","hentry"],"jetpack_sharing_enabled":true,"_links":{"self":[{"href":"https:\/\/www.cedriclawde.com\/index.php\/wp-json\/wp\/v2\/pages\/21","targetHints":{"allow":["GET"]}}],"collection":[{"href":"https:\/\/www.cedriclawde.com\/index.php\/wp-json\/wp\/v2\/pages"}],"about":[{"href":"https:\/\/www.cedriclawde.com\/index.php\/wp-json\/wp\/v2\/types\/page"}],"author":[{"embeddable":true,"href":"https:\/\/www.cedriclawde.com\/index.php\/wp-json\/wp\/v2\/users\/1"}],"replies":[{"embeddable":true,"href":"https:\/\/www.cedriclawde.com\/index.php\/wp-json\/wp\/v2\/comments?post=21"}],"version-history":[{"count":22,"href":"https:\/\/www.cedriclawde.com\/index.php\/wp-json\/wp\/v2\/pages\/21\/revisions"}],"predecessor-version":[{"id":253,"href":"https:\/\/www.cedriclawde.com\/index.php\/wp-json\/wp\/v2\/pages\/21\/revisions\/253"}],"wp:featuredmedia":[{"embeddable":true,"href":"https:\/\/www.cedriclawde.com\/index.php\/wp-json\/wp\/v2\/media\/130"}],"wp:attachment":[{"href":"https:\/\/www.cedriclawde.com\/index.php\/wp-json\/wp\/v2\/media?parent=21"}],"curies":[{"name":"wp","href":"https:\/\/api.w.org\/{rel}","templated":true}]}}